{"id":109,"date":"2024-04-16T13:31:48","date_gmt":"2024-04-16T10:31:48","guid":{"rendered":"https:\/\/rolltech.ctemplate.com\/?page_id=109"},"modified":"2024-07-01T16:30:07","modified_gmt":"2024-07-01T13:30:07","slug":"blog","status":"publish","type":"page","link":"https:\/\/rolltech.ctemplate.com\/fr\/blog\/","title":{"rendered":"Blog"},"content":{"rendered":"<div data-elementor-type=\"wp-page\" data-elementor-id=\"109\" class=\"elementor elementor-109\">\n\t\t\t\t\t\t<section class=\"elementor-section elementor-top-section elementor-element elementor-element-60f220c4 elementor-section-full_width elementor-section-height-min-height elementor-section-height-default elementor-section-items-middle\" data-id=\"60f220c4\" data-element_type=\"section\" data-settings=\"{&quot;background_background&quot;:&quot;classic&quot;}\">\n\t\t\t\t\t\t<div class=\"elementor-container elementor-column-gap-default\">\n\t\t\t\t\t<div class=\"elementor-column elementor-col-100 elementor-top-column elementor-element elementor-element-5e6a0753\" data-id=\"5e6a0753\" data-element_type=\"column\">\n\t\t\t<div class=\"elementor-widget-wrap elementor-element-populated\">\n\t\t\t\t\t\t<section class=\"elementor-section elementor-inner-section elementor-element elementor-element-1baccda8 elementor-section-height-min-height elementor-section-boxed elementor-section-height-default\" data-id=\"1baccda8\" data-element_type=\"section\" data-settings=\"{&quot;background_background&quot;:&quot;classic&quot;}\">\n\t\t\t\t\t\t\t<div class=\"elementor-background-overlay\"><\/div>\n\t\t\t\t\t\t\t<div class=\"elementor-container elementor-column-gap-default\">\n\t\t\t\t\t<div class=\"elementor-column elementor-col-100 elementor-inner-column elementor-element elementor-element-1bf2252b\" data-id=\"1bf2252b\" data-element_type=\"column\">\n\t\t\t<div class=\"elementor-widget-wrap elementor-element-populated\">\n\t\t\t\t\t\t<div class=\"elementor-element elementor-element-4f025754 elementor-widget elementor-widget-heading\" data-id=\"4f025754\" data-element_type=\"widget\" data-widget_type=\"heading.default\">\n\t\t\t\t<div class=\"elementor-widget-container\">\n\t\t\t<style>\/*! elementor - v3.21.0 - 15-04-2024 *\/\n.elementor-heading-title{padding:0;margin:0;line-height:1}.elementor-widget-heading .elementor-heading-title[class*=elementor-size-]>a{color:inherit;font-size:inherit;line-height:inherit}.elementor-widget-heading .elementor-heading-title.elementor-size-small{font-size:15px}.elementor-widget-heading .elementor-heading-title.elementor-size-medium{font-size:19px}.elementor-widget-heading .elementor-heading-title.elementor-size-large{font-size:29px}.elementor-widget-heading .elementor-heading-title.elementor-size-xl{font-size:39px}.elementor-widget-heading .elementor-heading-title.elementor-size-xxl{font-size:59px}<\/style><h1 class=\"elementor-heading-title elementor-size-default\">Blog<\/h1>\t\t<\/div>\n\t\t\t\t<\/div>\n\t\t\t\t<div class=\"elementor-element elementor-element-2ea71f1d elementor-widget elementor-widget-text-editor\" data-id=\"2ea71f1d\" data-element_type=\"widget\" data-widget_type=\"text-editor.default\">\n\t\t\t\t<div class=\"elementor-widget-container\">\n\t\t\t<style>\/*! elementor - v3.21.0 - 15-04-2024 *\/\n.elementor-widget-text-editor.elementor-drop-cap-view-stacked .elementor-drop-cap{background-color:#69727d;color:#fff}.elementor-widget-text-editor.elementor-drop-cap-view-framed .elementor-drop-cap{color:#69727d;border:3px solid;background-color:transparent}.elementor-widget-text-editor:not(.elementor-drop-cap-view-default) .elementor-drop-cap{margin-top:8px}.elementor-widget-text-editor:not(.elementor-drop-cap-view-default) .elementor-drop-cap-letter{width:1em;height:1em}.elementor-widget-text-editor .elementor-drop-cap{float:left;text-align:center;line-height:1;font-size:50px}.elementor-widget-text-editor .elementor-drop-cap-letter{display:inline-block}<\/style>\t\t\t\t<p><a href=\"#\">Accueil<\/a> \/ Blog<\/p>\t\t\t\t\t\t<\/div>\n\t\t\t\t<\/div>\n\t\t\t\t\t<\/div>\n\t\t<\/div>\n\t\t\t\t\t<\/div>\n\t\t<\/section>\n\t\t\t\t\t<\/div>\n\t\t<\/div>\n\t\t\t\t\t<\/div>\n\t\t<\/section>\n\t\t\t\t<section class=\"elementor-section elementor-top-section elementor-element elementor-element-4448d848 elementor-section-boxed elementor-section-height-default elementor-section-height-default\" data-id=\"4448d848\" data-element_type=\"section\">\n\t\t\t\t\t\t<div class=\"elementor-container elementor-column-gap-default\">\n\t\t\t\t\t<div class=\"elementor-column elementor-col-100 elementor-top-column elementor-element elementor-element-61cfe5ac\" data-id=\"61cfe5ac\" data-element_type=\"column\">\n\t\t\t<div class=\"elementor-widget-wrap elementor-element-populated\">\n\t\t\t\t\t\t<div class=\"elementor-element elementor-element-70a87bc3 elementor-widget elementor-widget-elementskit-blog-posts\" data-id=\"70a87bc3\" data-element_type=\"widget\" data-widget_type=\"elementskit-blog-posts.default\">\n\t\t\t\t<div class=\"elementor-widget-container\">\n\t\t\t<div class=\"ekit-wid-con\" >        <div id=\"post-items--70a87bc3\" class=\"row post-items\">\n                    <div class=\"col-lg-6 col-md-6\">\n\n                                    <div class=\"elementskit-post-image-card\">\n                        <div class=\"elementskit-entry-header\">\n                                                            <a href=\"https:\/\/rolltech.ctemplate.com\/fr\/rulo-acma-makinelerinde-rolltech-kalite-ve-inovasyonun-lideri\/\" class=\"elementskit-entry-thumb\">\n                                    <img decoding=\"async\" src=\"https:\/\/rolltech.ctemplate.com\/wp-content\/uploads\/2024\/04\/5568.webp\" alt=\"Rulo A\u00e7ma Makinelerinde Rolltech: Kalite ve \u0130novasyonun Lideri\">\n                                <\/a><!-- .elementskit-entry-thumb END -->\n                                                                                                    <div class=\"elementskit-meta-lists elementskit-style-tag\">\n                                        <div class=\"elementskit-single-meta triangle_left\"><span class=\"elementskit-meta-wraper\"><strong>18<\/strong>Avr<\/span><\/div>\n                                    <\/div>\n                                                                                            \n                                                            <div class=\"elementskit-meta-categories\">\n                                    <span class=\"elementskit-meta-wraper\">\n                                        <span><a href=\"https:\/\/rolltech.ctemplate.com\/fr\/category\/uncategorized\/\" rel=\"category tag\">Non class\u00e9<\/a><\/span>\n                                    <\/span>\n                                <\/div>\n                            \n\t\t\t\t\t\t\t\t\t\t\t\t\t<\/div><!-- .elementskit-entry-header END -->\n\n\t\t\t\t\t\t<div class=\"elementskit-post-body\">\n\t\t\t\t\t\t\t\n\t\t\t\t\t\t\t\t\t\t\t\t\t\t\t\t\t\t\t\t\t\t\t\t\t\t\t\t\t\t\n\t\t\t\t\t\t\t\t\n\t\t\t\t\t\t\t\t\t\t\t\t\t\t\t\t\t\t\t\t\t<h2 class=\"entry-title\">\n\t\t\t\t\t<a href=\"https:\/\/rolltech.ctemplate.com\/fr\/rulo-acma-makinelerinde-rolltech-kalite-ve-inovasyonun-lideri\/\">\n\t\t\t\t\t\tRolltech in Uncoiling Machines : Leader de la qualit\u00e9 et de l'innovation\t\t\t\t\t<\/a>\n\t\t\t\t<\/h2>\n\t\t\t\t\t\t\t\t\t\t\t\t\t\t\t\t\t\t\t\t\t\t\t\t\t\t\t\t\t\t\t\t\t\t\t\t\t\t\t\t\t\t<p>Dans l'industrie m\u00e9tallurgique, les d\u00e9rouleurs, utilis\u00e9s pour accro\u00eetre la productivit\u00e9 et optimiser les processus de production, sont l'une des pierres angulaires des activit\u00e9s industrielles. Ces machines sont essentielles pour le lissage et le traitement des mat\u00e9riaux en feuilles. \u00c0 ce stade, Rolltech...<\/p>\n\t\t\t\t\t\t\t\t\t\t\t\t\t\t\t\t\t\t\t\t\t\t                                                            <div class=\"btn-wraper\">\n                                                                            <a class=\"elementskit-btn whitespace--normal\" id=\"\" href=\"https:\/\/rolltech.ctemplate.com\/fr\/rulo-acma-makinelerinde-rolltech-kalite-ve-inovasyonun-lideri\/\">\n                                            Lire la suite                                            <i aria-hidden=\"true\" class=\"icon icon-arrow-right\"><\/i>                                        <\/a>\n                                    \n                                                                    <\/div>\n                                                    <\/div><!-- .elementskit-post-body END -->\n                    <\/div>\n                \n            <\/div>\n                    <div class=\"col-lg-6 col-md-6\">\n\n                                    <div class=\"elementskit-post-image-card\">\n                        <div class=\"elementskit-entry-header\">\n                                                            <a href=\"https:\/\/rolltech.ctemplate.com\/fr\/guld-metal-rolltech-imzasiyla-yeni-nesil-hidrolik-rulo-acma-dogrultma-ve-kesme-hattini-devreye-aldi\/\" class=\"elementskit-entry-thumb\">\n                                    <img decoding=\"async\" src=\"https:\/\/rolltech.ctemplate.com\/wp-content\/uploads\/2024\/04\/steel-2.png\" alt=\"Guld Metal, Rolltech \u0130mzas\u0131yla Yeni Nesil Hidrolik Rulo A\u00e7ma, Do\u011frultma ve Kesme Hatt\u0131n\u0131 Devreye Ald\u0131\">\n                                <\/a><!-- .elementskit-entry-thumb END -->\n                                                                                                    <div class=\"elementskit-meta-lists elementskit-style-tag\">\n                                        <div class=\"elementskit-single-meta triangle_left\"><span class=\"elementskit-meta-wraper\"><strong>18<\/strong>Avr<\/span><\/div>\n                                    <\/div>\n                                                                                            \n                                                            <div class=\"elementskit-meta-categories\">\n                                    <span class=\"elementskit-meta-wraper\">\n                                        <span>Non class\u00e9<\/span>\n                                    <\/span>\n                                <\/div>\n                            \n\t\t\t\t\t\t\t\t\t\t\t\t\t<\/div><!-- .elementskit-entry-header END -->\n\n\t\t\t\t\t\t<div class=\"elementskit-post-body\">\n\t\t\t\t\t\t\t\n\t\t\t\t\t\t\t\t\t\t\t\t\t\t\t\t\t\t\t\t\t\t\t\t\t\t\t\t\t\t\n\t\t\t\t\t\t\t\t\n\t\t\t\t\t\t\t\t\t\t\t\t\t\t\t\t\t\t\t\t\t<h2 class=\"entry-title\">\n\t\t\t\t\t<a href=\"https:\/\/rolltech.ctemplate.com\/fr\/guld-metal-rolltech-imzasiyla-yeni-nesil-hidrolik-rulo-acma-dogrultma-ve-kesme-hattini-devreye-aldi\/\">\n\t\t\t\t\t\tGuld Metal a mis en service une ligne hydraulique de d\u00e9coilage, de redressage et de cisaillage de nouvelle g\u00e9n\u00e9ration avec la signature Rolltech\t\t\t\t\t<\/a>\n\t\t\t\t<\/h2>\n\t\t\t\t\t\t\t\t\t\t\t\t\t\t\t\t\t\t\t\t\t\t\t\t\t\t\t\t\t\t\t\t\t\t\t\t\t\t\t\t\t\t<p>Guld Metal, l'une des entreprises m\u00e9tallurgiques les mieux implant\u00e9es en Su\u00e8de, a mis en service la ligne de d\u00e9roulage, de redressage et de cisaillage hydraulique enti\u00e8rement automatique de Rolltech afin d'accro\u00eetre la productivit\u00e9 et d'optimiser les processus de production dans ses op\u00e9rations industrielles. La capacit\u00e9 de cette ligne r\u00e9volutionnaire est de 6000...<\/p>\n\t\t\t\t\t\t\t\t\t\t\t\t\t\t\t\t\t\t\t\t\t\t                                                            <div class=\"btn-wraper\">\n                                                                            <a class=\"elementskit-btn whitespace--normal\" id=\"\" href=\"https:\/\/rolltech.ctemplate.com\/fr\/guld-metal-rolltech-imzasiyla-yeni-nesil-hidrolik-rulo-acma-dogrultma-ve-kesme-hattini-devreye-aldi\/\">\n                                            Lire la suite                                            <i aria-hidden=\"true\" class=\"icon icon-arrow-right\"><\/i>                                        <\/a>\n                                    \n                                                                    <\/div>\n                                                    <\/div><!-- .elementskit-post-body END -->\n                    <\/div>\n                \n            <\/div>\n                <\/div>\n       <\/div>\t\t<\/div>\n\t\t\t\t<\/div>\n\t\t\t\t<div class=\"elementor-element elementor-element-a3b9dec elementor-widget elementor-widget-html\" data-id=\"a3b9dec\" data-element_type=\"widget\" data-widget_type=\"html.default\">\n\t\t\t\t<div class=\"elementor-widget-container\">\n\t\t\t<style>\n    .elementskit-entry-thumb img {\n    width: 100% !important; \/* Resmin geni\u015fli\u011fini container\u0131n geni\u015fli\u011fine e\u015fitle *\/\n    height: 400px !important; \/* Y\u00fcksekli\u011fi orant\u0131l\u0131 olarak ayarlar *\/\n    object-fit: cover !important; \/* Resmin tamam\u0131n\u0131 g\u00f6sterir, container\u0131 tamamen doldurur *\/\n}\n<\/style>\t\t<\/div>\n\t\t\t\t<\/div>\n\t\t\t\t\t<\/div>\n\t\t<\/div>\n\t\t\t\t\t<\/div>\n\t\t<\/section>\n\t\t\t\t<\/div>","protected":false},"excerpt":{"rendered":"<p>Blog Home \/ Blog 18Nis Uncategorized Rulo A\u00e7ma Makinelerinde Rolltech: Kalite ve \u0130novasyonun Lideri Metal i\u015fleme end\u00fcstrisinde, verimlili\u011fi art\u0131rmak ve \u00fcretim s\u00fcre\u00e7lerini optimize etmek i\u00e7in kullan\u0131lan rulo a\u00e7ma makineleri, end\u00fcstriyel faaliyetlerin temel ta\u015flar\u0131ndan biridir. Bu makineler, sac malzemelerin d\u00fczg\u00fcnle\u015ftirilmesi ve i\u015flenmesi i\u00e7in kritik \u00f6neme sahiptir. \u0130\u015fte bu noktada, Rolltech&hellip; Read More 18Nis Genel Guld Metal, [&hellip;]<\/p>","protected":false},"author":1,"featured_media":0,"parent":0,"menu_order":0,"comment_status":"closed","ping_status":"closed","template":"elementor_header_footer","meta":{"footnotes":""},"_links":{"self":[{"href":"https:\/\/rolltech.ctemplate.com\/fr\/wp-json\/wp\/v2\/pages\/109"}],"collection":[{"href":"https:\/\/rolltech.ctemplate.com\/fr\/wp-json\/wp\/v2\/pages"}],"about":[{"href":"https:\/\/rolltech.ctemplate.com\/fr\/wp-json\/wp\/v2\/types\/page"}],"author":[{"embeddable":true,"href":"https:\/\/rolltech.ctemplate.com\/fr\/wp-json\/wp\/v2\/users\/1"}],"replies":[{"embeddable":true,"href":"https:\/\/rolltech.ctemplate.com\/fr\/wp-json\/wp\/v2\/comments?post=109"}],"version-history":[{"count":10,"href":"https:\/\/rolltech.ctemplate.com\/fr\/wp-json\/wp\/v2\/pages\/109\/revisions"}],"predecessor-version":[{"id":1581,"href":"https:\/\/rolltech.ctemplate.com\/fr\/wp-json\/wp\/v2\/pages\/109\/revisions\/1581"}],"wp:attachment":[{"href":"https:\/\/rolltech.ctemplate.com\/fr\/wp-json\/wp\/v2\/media?parent=109"}],"curies":[{"name":"wp","href":"https:\/\/api.w.org\/{rel}","templated":true}]}}